{"id":2,"date":"2015-05-26T19:05:51","date_gmt":"2015-05-26T19:05:51","guid":{"rendered":"http:\/\/188.226.153.192\/k-ganesa\/?page_id=2"},"modified":"2021-02-04T10:43:42","modified_gmt":"2021-02-04T09:43:42","slug":"sample-page","status":"publish","type":"page","link":"https:\/\/www.k-ganesa.hr\/","title":{"rendered":"O nama"},"content":{"rendered":"<p>Tvrtka K-Ganesa d.o.o. bavi se proizvodnjom i prodajom svije\u0107a i lampiona od 1997.godine. Uz pomo\u0107 moderne tehnologije i kvalitetnih sirovina, proizvodimo svije\u0107e i lampione vrhunske kvalitete i povoljnih cijena.<br \/>\nNa zahtjev na\u0161ih kupaca i pra\u0107enjem trendova na tr\u017ei\u0161tu proizvodimo \u0161iroku paletu parafinskih, elektronskih i staklenih lampiona. Usavr\u0161avanje proizvoda na zadovoljstvo dosada\u0161njih kupaca garancija su uspjeha tvrtke koja je siguran i pouzdan partner. U proizvodnji na\u0161ih svije\u0107a i lampiona koristimo isklju\u010divo parafin koji ispunjava najvi\u0161e standarde \u0161to se ti\u010de njegove \u010disto\u0107e, udjela ulja, te ekolo\u0161ke prihvatljivosti.<br \/>\nRadi lak\u0161eg poslovanja 2008. godine otvaramo trgovinu mje\u0161ovite robe &#8220;MATEJA&#8221; u pograni\u010dnom mjestu Preseka, a 2013. godine trgovinu &#8220;MARIS&#8221; koja se nalazi u mjestu Prekopa na cesti \u010cakovec \u2013 \u0160trigova. Time smo preko na\u0161e firme ponudili i mogu\u0107nost kompenzacije.<\/p>\n<p>Na\u0161a veleprodaja nalazi se na adresi Dravska 7, Strahoninec, a maloprodaja u ve\u0107 spomenutim trgovinama: Trgovina Maris, Prekopa i Trgovina Mateja, Preseka.<\/p>\n<p><script type=\"text\/javascript\" src=\"http:\/\/maps.google.com\/maps\/api\/js?sensor=false\"><\/script><br \/>\n<script type=\"text\/javascript\" src=\"http:\/\/www.pittss.lv\/jquery\/gomap\/js\/jquery.gomap-1.3.3.min.js\"><\/script><\/p>\n<style>\n        #map {<br \/>\n            width:100%;<br \/>\n            height:300px;<br \/>\n        }<br \/>\n        <\/style>\n<p><script type=\"text\/javascript\"><br \/>\n        \tjQuery(document).ready(function($) {<br \/>\n        \t\tjQuery('#map').goMap({<br \/>\n        \t\t\taddress: 'Dravska ulica 7, 40000, Strahoninec, Hrvatska',<br \/>\n        \t\t\tmaptype: 'HYBRID',<br \/>\n        \t\t\tzoom: 14,<br \/>\n        \t\t\tscrollwheel: false,<br \/>\n        \t\t\tscaleControl: true,<br \/>\n        \t\t\tnavigationControl: true,<br \/>\n                    navigationControlOptions: {<br \/>\n                        position: 'BOTTOM',<br \/>\n                        style: 'ANDROID'<br \/>\n                    },<br \/>\n                    markers: [{<br \/>\n            \t\t\taddress: 'Dravska ulica 7, 40000, Strahoninec, Hrvatska',<br \/>\n            \t\t\thtml: {<br \/>\n            \t\t\t\tcontent: 'Dravska ulica 7, 40000, Strahoninec, Hrvatska',<br \/>\n            \t\t\t\tpopup: true<br \/>\n                        }<br \/>\n                    }]<br \/>\n        \t\t});<br \/>\n        \t});<br \/>\n        <\/script><\/p>\n<div id=\"map\"><\/div>\n","protected":false},"excerpt":{"rendered":"<div class=\"entry-summary\">\nTvrtka K-Ganesa d.o.o. bavi se proizvodnjom i prodajom svije\u0107a i lampiona od&hellip;\n<\/div>\n<div class=\"link-more\"><a href=\"https:\/\/www.k-ganesa.hr\/\" class=\"more-link\">Continue reading<span class=\"screen-reader-text\"> &ldquo;O nama&rdquo;<\/span>&hellip;<\/a><\/div>\n","protected":false},"author":2,"featured_media":0,"parent":0,"menu_order":0,"comment_status":"closed","ping_status":"closed","template":"","meta":[],"yoast_head":"<!-- This site is optimized with the Yoast SEO plugin v15.7 - https:\/\/yoast.com\/wordpress\/plugins\/seo\/ -->\n<title>K-Ganesa - Proizvodnja lampiona<\/title>\n<meta name=\"description\" content=\"Proizvodnja i prodaja lampiona\" \/>\n<meta name=\"robots\" content=\"index, follow, max-snippet:-1, max-image-preview:large, max-video-preview:-1\" \/>\n<link rel=\"canonical\" href=\"https:\/\/www.k-ganesa.hr\/\" \/>\n<meta property=\"og:locale\" content=\"hr_HR\" \/>\n<meta property=\"og:type\" content=\"article\" \/>\n<meta property=\"og:title\" content=\"K-Ganesa - Proizvodnja lampiona\" \/>\n<meta property=\"og:description\" content=\"Proizvodnja i prodaja lampiona\" \/>\n<meta property=\"og:url\" content=\"https:\/\/www.k-ganesa.hr\/\" \/>\n<meta property=\"og:site_name\" content=\"K-Ganesa\" \/>\n<meta property=\"article:publisher\" content=\"https:\/\/www.facebook.com\/Svije%c4%87e-i-lampioni-K-Ganesa-144680845551247\" \/>\n<meta property=\"article:modified_time\" content=\"2021-02-04T09:43:42+00:00\" \/>\n<meta name=\"twitter:card\" content=\"summary\" \/>\n<meta name=\"twitter:label1\" content=\"Procijenjeno vrijeme \u010ditanja\">\n\t<meta name=\"twitter:data1\" content=\"1 minuta\">\n<script type=\"application\/ld+json\" class=\"yoast-schema-graph\">{\"@context\":\"https:\/\/schema.org\",\"@graph\":[{\"@type\":\"Organization\",\"@id\":\"https:\/\/www.k-ganesa.hr\/#organization\",\"name\":\"K-Ganesa\",\"url\":\"https:\/\/www.k-ganesa.hr\/\",\"sameAs\":[\"https:\/\/www.facebook.com\/Svije\\u0107e-i-lampioni-K-Ganesa-144680845551247\"],\"logo\":{\"@type\":\"ImageObject\",\"@id\":\"https:\/\/www.k-ganesa.hr\/#logo\",\"inLanguage\":\"hr\",\"url\":\"https:\/\/www.k-ganesa.hr\/wp-content\/uploads\/2015\/09\/logo_new.png\",\"width\":806,\"height\":166,\"caption\":\"K-Ganesa\"},\"image\":{\"@id\":\"https:\/\/www.k-ganesa.hr\/#logo\"}},{\"@type\":\"WebSite\",\"@id\":\"https:\/\/www.k-ganesa.hr\/#website\",\"url\":\"https:\/\/www.k-ganesa.hr\/\",\"name\":\"K-Ganesa\",\"description\":\"Proizvodnja i prodaja lampiona i svje\\u0107arskih proizvoda\",\"publisher\":{\"@id\":\"https:\/\/www.k-ganesa.hr\/#organization\"},\"potentialAction\":[{\"@type\":\"SearchAction\",\"target\":\"https:\/\/www.k-ganesa.hr\/?s={search_term_string}\",\"query-input\":\"required name=search_term_string\"}],\"inLanguage\":\"hr\"},{\"@type\":\"WebPage\",\"@id\":\"https:\/\/www.k-ganesa.hr\/#webpage\",\"url\":\"https:\/\/www.k-ganesa.hr\/\",\"name\":\"K-Ganesa - Proizvodnja lampiona\",\"isPartOf\":{\"@id\":\"https:\/\/www.k-ganesa.hr\/#website\"},\"datePublished\":\"2015-05-26T19:05:51+00:00\",\"dateModified\":\"2021-02-04T09:43:42+00:00\",\"description\":\"Proizvodnja i prodaja lampiona\",\"inLanguage\":\"hr\",\"potentialAction\":[{\"@type\":\"ReadAction\",\"target\":[\"https:\/\/www.k-ganesa.hr\/\"]}]}]}<\/script>\n<!-- \/ Yoast SEO plugin. -->","_links":{"self":[{"href":"https:\/\/www.k-ganesa.hr\/index.php\/wp-json\/wp\/v2\/pages\/2"}],"collection":[{"href":"https:\/\/www.k-ganesa.hr\/index.php\/wp-json\/wp\/v2\/pages"}],"about":[{"href":"https:\/\/www.k-ganesa.hr\/index.php\/wp-json\/wp\/v2\/types\/page"}],"author":[{"embeddable":true,"href":"https:\/\/www.k-ganesa.hr\/index.php\/wp-json\/wp\/v2\/users\/2"}],"replies":[{"embeddable":true,"href":"https:\/\/www.k-ganesa.hr\/index.php\/wp-json\/wp\/v2\/comments?post=2"}],"version-history":[{"count":14,"href":"https:\/\/www.k-ganesa.hr\/index.php\/wp-json\/wp\/v2\/pages\/2\/revisions"}],"predecessor-version":[{"id":232,"href":"https:\/\/www.k-ganesa.hr\/index.php\/wp-json\/wp\/v2\/pages\/2\/revisions\/232"}],"wp:attachment":[{"href":"https:\/\/www.k-ganesa.hr\/index.php\/wp-json\/wp\/v2\/media?parent=2"}],"curies":[{"name":"wp","href":"https:\/\/api.w.org\/{rel}","templated":true}]}}